{"id":2723,"date":"2022-09-02T14:38:35","date_gmt":"2022-09-02T12:38:35","guid":{"rendered":"https:\/\/www.drfruehwein.de\/dr-med-markus-nikolaus-fruehwein\/"},"modified":"2022-09-02T14:38:36","modified_gmt":"2022-09-02T12:38:36","slug":"dr-med-markus-nikolaus-fruehwein","status":"publish","type":"page","link":"https:\/\/www.drfruehwein.de\/en\/dr-med-markus-nikolaus-fruehwein\/","title":{"rendered":"Dr. med. Markus Nikolaus Fr\u00fchwein"},"content":{"rendered":"<div class=\"fusion-fullwidth fullwidth-box fusion-builder-row-1 nonhundred-percent-fullwidth non-hundred-percent-height-scrolling\" style=\"--awb-border-radius-top-left:0px;--awb-border-radius-top-right:0px;--awb-border-radius-bottom-right:0px;--awb-border-radius-bottom-left:0px;--awb-padding-top:20px;--awb-padding-bottom:20px;--awb-flex-wrap:wrap;\" ><div class=\"fusion-builder-row fusion-row\"><div class=\"fusion-layout-column fusion_builder_column fusion-builder-column-0 fusion_builder_column_1_1 1_1 fusion-one-full fusion-column-first fusion-column-last\" style=\"--awb-bg-size:cover;\"><div class=\"fusion-column-wrapper fusion-flex-column-wrapper-legacy\"><div class=\"fusion-title title fusion-title-1 fusion-sep-none fusion-title-text fusion-title-size-one\" style=\"--awb-margin-top-small:0px;--awb-margin-right-small:0px;--awb-margin-bottom-small:20px;--awb-margin-left-small:0px;\"><h1 class=\"fusion-title-heading title-heading-left\" style=\"margin:0;\">Markus Nikolaus Fr\u00fchwein, MD, MaHM<\/h1><\/div><div class=\"fusion-sep-clear\"><\/div><div class=\"fusion-separator fusion-full-width-sep\" style=\"margin-left: auto;margin-right: auto;margin-top:10px;margin-bottom:10px;width:100%;\"><\/div><div class=\"fusion-sep-clear\"><\/div><div class=\"fusion-clearfix\"><\/div><\/div><\/div><div class=\"fusion-layout-column fusion_builder_column fusion-builder-column-1 fusion_builder_column_1_3 1_3 fusion-one-third fusion-column-first\" style=\"--awb-bg-size:cover;width:33.333333333333%;width:calc(33.333333333333% - ( ( 4% ) * 0.33333333333333 ) );margin-right: 4%;\"><div class=\"fusion-column-wrapper fusion-flex-column-wrapper-legacy\"><div class=\"fusion-text fusion-text-1\"><p><img decoding=\"async\" class=\"aligncenter size-full wp-image-153\" src=\"https:\/\/www.drfruehwein.de\/wp-content\/uploads\/2017\/02\/Fruehwein_Content_MFruehwein_clean.jpg\" alt=\"\" width=\"450\" height=\"300\" srcset=\"https:\/\/www.drfruehwein.de\/wp-content\/uploads\/2017\/02\/Fruehwein_Content_MFruehwein_clean-200x133.jpg 200w, https:\/\/www.drfruehwein.de\/wp-content\/uploads\/2017\/02\/Fruehwein_Content_MFruehwein_clean-300x200.jpg 300w, https:\/\/www.drfruehwein.de\/wp-content\/uploads\/2017\/02\/Fruehwein_Content_MFruehwein_clean-400x267.jpg 400w, https:\/\/www.drfruehwein.de\/wp-content\/uploads\/2017\/02\/Fruehwein_Content_MFruehwein_clean.jpg 450w\" sizes=\"(max-width: 450px) 100vw, 450px\" \/><\/p>\n<\/div><div class=\"fusion-text fusion-text-2\"><p><center><em>Markus Nikolaus Fr\u00fchwein, MD, MaHM<\/em><\/center><\/p>\n<\/div><div class=\"fusion-clearfix\"><\/div><\/div><\/div><div class=\"fusion-layout-column fusion_builder_column fusion-builder-column-2 fusion_builder_column_2_3 2_3 fusion-two-third fusion-column-last\" style=\"--awb-bg-size:cover;width:66.666666666667%;width:calc(66.666666666667% - ( ( 4% ) * 0.66666666666667 ) );\"><div class=\"fusion-column-wrapper fusion-flex-column-wrapper-legacy\"><div class=\"fusion-text fusion-text-3\"><h2>Medical Spectrum\/Specialties:<\/h2>\n<ul class=\"custom-list\">\n<li>General Medicine<\/li>\n<li>Tropical Medicine<\/li>\n<li>Travel medicine<\/li>\n<li>Nutritional Medicine<\/li>\n<li>Diving Medicine<\/li>\n<li>Medical <a href=\"https:\/\/www.drfruehwein.de\/presse\/\" target=\"_blank\" rel=\"noopener noreferrer\">press relations<\/a><\/li>\n<\/ul>\n<h2>University education\/degrees:<\/h2>\n<ul class=\"custom-list\">\n<li><strong>Diploma in tropical medicine and international health<\/strong><br \/>\nCenter for International health of LMU Munich 2016<\/li>\n<li><strong>Specialist certificate in travel medicine<\/strong><br \/>\nSpecialist certificate of the German Society for Travel Medicine 2018<\/li>\n<li><strong>Diving Medicine<\/strong><br \/>\nCertificate for diving examinations 2018<\/li>\n<li><strong>Nutritional Medicine  <\/strong><br \/>\nAdditional title of the Bavarian Medical Association 2016<\/li>\n<li><strong>General Medicine<\/strong><br \/>\nSpecialist recognition by the Bavarian Medical Association April 2014<\/li>\n<li><strong>Master of Health Management (MaHM)<\/strong><br \/>\nApollon, College of Health Care Management<br \/>\n2015 Master thesis: &#8220;Quality management in medical practices: development of a module &#8220;vaccination&#8221; based on Din EN ISO 9000ff.&#8221;<\/li>\n<li><strong>Ludwig Maximilian University, Munich<\/strong><br \/>\nHuman medicine with state examination December 2008<br \/>\n2011 Doctorate: Dr.med. Department of Infectious and Tropical Medicine, LMU, Munich<br \/>\nProf.Dr. H.-D. Nothdurft\/Prof.Dr. Th. L\u00f6scher<br \/>\nDiagnostic and clinic of imported tickborne dieases from africa African tick bite fever (Rickettsia africae, Rickettsia conorii).<\/li>\n<li><strong>IHS University of Philosophy, Munich<\/strong><br \/>\nPartial study 2005 &#8211; 2006<\/li>\n<\/ul>\n<h2>Medical policy activities and memberships:<\/h2>\n<ul class=\"custom-list\">\n<li><strong>Bavarian Medical Association BL\u00c4K<\/strong>, Delegate and Member of the Advisory Board of the Bavarian Academy for Continuing Medical Education<\/li>\n<li><strong>\u00c4rztlicher Kreis und Bezirksverband M\u00fcnchen \u00c4KBV<\/strong>, Member of the Assembly of Representatives<\/li>\n<li><strong>Bavarian Society for Immunology, Tropical Medicine and Vaccination<\/strong>, Board of Directors<\/li>\n<li><strong>Forum Vaccination e.V.<\/strong>, Board of Directors<\/li>\n<li><strong>Bavarian Association of Family Physicians<\/strong>, substitute delegate<\/li>\n<li><strong>Hartmannbund Munich e.V.<\/strong>, Executive Board<\/li>\n<li><strong>DTG (German Tropical Medicine Society)<\/strong><\/li>\n<li><strong>DFR (German Society for Travel Medicine)<\/strong><\/li>\n<li><strong>Forum Travel Medicine e.V<\/strong><\/li>\n<\/ul>\n<h2>Residency<\/h2>\n<h2>2016<\/h2>\n<p><strong>Dr. Fruehwein &amp; Partner, Munich<\/strong><br \/>\nPractice for general medicine, tropical medicine, travel medicine<\/p>\n<h2>2015<\/h2>\n<p><strong>Mount St. Johns Medical Centre, Antigua<\/strong><br \/>\nDepartment of Internal Medicine, Emergency Department<\/p>\n<h2>2015<\/h2>\n<p><strong>Dr. Fruehwein &amp; Partner, Munich<\/strong><br \/>\nPractice for general medicine, tropical medicine, travel medicine<\/p>\n<h2>2014<\/h2>\n<p><strong>Amara Foundation, Myanmar<\/strong><br \/>\nAmara Health Care Project<\/p>\n<h2>2014<\/h2>\n<p><strong>Dr. Christian Putzke, Munich<\/strong><br \/>\nPractice for general medicine<\/p>\n<h2>2013<\/h2>\n<p><strong>Amara Foundation, Myanmar<\/strong><br \/>\nAmara Health Care Project<\/p>\n<h2>2013<\/h2>\n<p><strong>Hospital for Tropical Diseases, Ho Chi Minh City, Vietnam<\/strong><br \/>\nClinic for Infectiology and Tropical Medicine<\/p>\n<h2>2013<\/h2>\n<p><strong>Jimma University Specialized Hospital, Jimma, Ethiopia<\/strong><br \/>\nInternal Medicine Clinic<\/p>\n<h2>2012- 2013<\/h2>\n<p><strong>Ludwig Maximilian University, Munich<\/strong><br \/>\nDepartment of Infectious and Tropical Medicine<\/p>\n<h2>March 2012-August 2012<\/h2>\n<p><strong>Ludwig Maximilian University, Munich<\/strong><br \/>\nCenter for International Health, Program Coordinator PhD Program<\/p>\n<h2>2009-2012<\/h2>\n<p><strong>Resident at Agatharied Hospital<\/strong><br \/>\nInternal Medicine Department<\/p>\n<\/div><div class=\"fusion-clearfix\"><\/div><\/div><\/div><\/div><\/div>\n","protected":false},"excerpt":{"rendered":"","protected":false},"author":1,"featured_media":0,"parent":0,"menu_order":0,"comment_status":"closed","ping_status":"closed","template":"","meta":{"footnotes":""},"class_list":["post-2723","page","type-page","status-publish","hentry"],"yoast_head":"<!-- This site is optimized with the Yoast SEO plugin v27.3 - https:\/\/yoast.com\/product\/yoast-seo-wordpress\/ -->\n<title>Markus Nikolaus Fr\u00fchwein, MD: Tropical Medicine Specialist<\/title>\n<meta name=\"description\" content=\"DR. MED. FR\u00dcHWEIN - General Medicine: Tropical Medicine \u2713 Travel Medicine \u2713 Nutritional Medicine \u2713 Diving Medicine \u2713 Medical Public Relations \u2713\" \/>\n<meta name=\"robots\" content=\"index, follow, max-snippet:-1, max-image-preview:large, max-video-preview:-1\" \/>\n<link rel=\"canonical\" href=\"https:\/\/www.drfruehwein.de\/en\/dr-med-markus-nikolaus-fruehwein\/\" \/>\n<meta property=\"og:locale\" content=\"en_US\" \/>\n<meta property=\"og:type\" content=\"article\" \/>\n<meta property=\"og:title\" content=\"Markus Nikolaus Fr\u00fchwein, MD: Tropical Medicine Specialist\" \/>\n<meta property=\"og:description\" content=\"DR. MED. FR\u00dcHWEIN - General Medicine: Tropical Medicine \u2713 Travel Medicine \u2713 Nutritional Medicine \u2713 Diving Medicine \u2713 Medical Public Relations \u2713\" \/>\n<meta property=\"og:url\" content=\"https:\/\/www.drfruehwein.de\/en\/dr-med-markus-nikolaus-fruehwein\/\" \/>\n<meta property=\"og:site_name\" content=\"Dr. Fr\u00fchwein\" \/>\n<meta property=\"article:modified_time\" content=\"2022-09-02T12:38:36+00:00\" \/>\n<meta property=\"og:image\" content=\"https:\/\/www.drfruehwein.de\/wp-content\/uploads\/2017\/02\/Fruehwein_Content_MFruehwein_clean.jpg\" \/>\n<meta name=\"twitter:card\" content=\"summary_large_image\" \/>\n<meta name=\"twitter:label1\" content=\"Est. reading time\" \/>\n\t<meta name=\"twitter:data1\" content=\"4 minutes\" \/>\n<script type=\"application\/ld+json\" class=\"yoast-schema-graph\">{\"@context\":\"https:\\\/\\\/schema.org\",\"@graph\":[{\"@type\":\"WebPage\",\"@id\":\"https:\\\/\\\/www.drfruehwein.de\\\/en\\\/dr-med-markus-nikolaus-fruehwein\\\/\",\"url\":\"https:\\\/\\\/www.drfruehwein.de\\\/en\\\/dr-med-markus-nikolaus-fruehwein\\\/\",\"name\":\"Markus Nikolaus Fr\u00fchwein, MD: Tropical Medicine Specialist\",\"isPartOf\":{\"@id\":\"https:\\\/\\\/www.drfruehwein.de\\\/#website\"},\"primaryImageOfPage\":{\"@id\":\"https:\\\/\\\/www.drfruehwein.de\\\/en\\\/dr-med-markus-nikolaus-fruehwein\\\/#primaryimage\"},\"image\":{\"@id\":\"https:\\\/\\\/www.drfruehwein.de\\\/en\\\/dr-med-markus-nikolaus-fruehwein\\\/#primaryimage\"},\"thumbnailUrl\":\"https:\\\/\\\/www.drfruehwein.de\\\/wp-content\\\/uploads\\\/2017\\\/02\\\/Fruehwein_Content_MFruehwein_clean.jpg\",\"datePublished\":\"2022-09-02T12:38:35+00:00\",\"dateModified\":\"2022-09-02T12:38:36+00:00\",\"description\":\"DR. MED. FR\u00dcHWEIN - General Medicine: Tropical Medicine \u2713 Travel Medicine \u2713 Nutritional Medicine \u2713 Diving Medicine \u2713 Medical Public Relations \u2713\",\"breadcrumb\":{\"@id\":\"https:\\\/\\\/www.drfruehwein.de\\\/en\\\/dr-med-markus-nikolaus-fruehwein\\\/#breadcrumb\"},\"inLanguage\":\"en-US\",\"potentialAction\":[{\"@type\":\"ReadAction\",\"target\":[\"https:\\\/\\\/www.drfruehwein.de\\\/en\\\/dr-med-markus-nikolaus-fruehwein\\\/\"]}]},{\"@type\":\"ImageObject\",\"inLanguage\":\"en-US\",\"@id\":\"https:\\\/\\\/www.drfruehwein.de\\\/en\\\/dr-med-markus-nikolaus-fruehwein\\\/#primaryimage\",\"url\":\"https:\\\/\\\/www.drfruehwein.de\\\/wp-content\\\/uploads\\\/2017\\\/02\\\/Fruehwein_Content_MFruehwein_clean.jpg\",\"contentUrl\":\"https:\\\/\\\/www.drfruehwein.de\\\/wp-content\\\/uploads\\\/2017\\\/02\\\/Fruehwein_Content_MFruehwein_clean.jpg\"},{\"@type\":\"BreadcrumbList\",\"@id\":\"https:\\\/\\\/www.drfruehwein.de\\\/en\\\/dr-med-markus-nikolaus-fruehwein\\\/#breadcrumb\",\"itemListElement\":[{\"@type\":\"ListItem\",\"position\":1,\"name\":\"Startseite\",\"item\":\"https:\\\/\\\/www.drfruehwein.de\\\/en\\\/tropical-medicine-in-munich-travel-and-tropical-medicine-dr-fruehwein\\\/\"},{\"@type\":\"ListItem\",\"position\":2,\"name\":\"Dr. med. Markus Nikolaus Fr\u00fchwein\"}]},{\"@type\":\"WebSite\",\"@id\":\"https:\\\/\\\/www.drfruehwein.de\\\/#website\",\"url\":\"https:\\\/\\\/www.drfruehwein.de\\\/\",\"name\":\"Dr. Fr\u00fchwein\",\"description\":\"\",\"publisher\":{\"@id\":\"https:\\\/\\\/www.drfruehwein.de\\\/#organization\"},\"potentialAction\":[{\"@type\":\"SearchAction\",\"target\":{\"@type\":\"EntryPoint\",\"urlTemplate\":\"https:\\\/\\\/www.drfruehwein.de\\\/?s={search_term_string}\"},\"query-input\":{\"@type\":\"PropertyValueSpecification\",\"valueRequired\":true,\"valueName\":\"search_term_string\"}}],\"inLanguage\":\"en-US\"},{\"@type\":\"Organization\",\"@id\":\"https:\\\/\\\/www.drfruehwein.de\\\/#organization\",\"name\":\"Dr. Fr\u00fchwein + Partner\",\"url\":\"https:\\\/\\\/www.drfruehwein.de\\\/\",\"logo\":{\"@type\":\"ImageObject\",\"inLanguage\":\"en-US\",\"@id\":\"https:\\\/\\\/www.drfruehwein.de\\\/#\\\/schema\\\/logo\\\/image\\\/\",\"url\":\"https:\\\/\\\/www.drfruehwein.de\\\/wp-content\\\/uploads\\\/2019\\\/12\\\/logo.svg\",\"contentUrl\":\"https:\\\/\\\/www.drfruehwein.de\\\/wp-content\\\/uploads\\\/2019\\\/12\\\/logo.svg\",\"width\":510,\"height\":58,\"caption\":\"Dr. Fr\u00fchwein + Partner\"},\"image\":{\"@id\":\"https:\\\/\\\/www.drfruehwein.de\\\/#\\\/schema\\\/logo\\\/image\\\/\"}}]}<\/script>\n<!-- \/ Yoast SEO plugin. -->","yoast_head_json":{"title":"Markus Nikolaus Fr\u00fchwein, MD: Tropical Medicine Specialist","description":"DR. MED. FR\u00dcHWEIN - General Medicine: Tropical Medicine \u2713 Travel Medicine \u2713 Nutritional Medicine \u2713 Diving Medicine \u2713 Medical Public Relations \u2713","robots":{"index":"index","follow":"follow","max-snippet":"max-snippet:-1","max-image-preview":"max-image-preview:large","max-video-preview":"max-video-preview:-1"},"canonical":"https:\/\/www.drfruehwein.de\/en\/dr-med-markus-nikolaus-fruehwein\/","og_locale":"en_US","og_type":"article","og_title":"Markus Nikolaus Fr\u00fchwein, MD: Tropical Medicine Specialist","og_description":"DR. MED. FR\u00dcHWEIN - General Medicine: Tropical Medicine \u2713 Travel Medicine \u2713 Nutritional Medicine \u2713 Diving Medicine \u2713 Medical Public Relations \u2713","og_url":"https:\/\/www.drfruehwein.de\/en\/dr-med-markus-nikolaus-fruehwein\/","og_site_name":"Dr. Fr\u00fchwein","article_modified_time":"2022-09-02T12:38:36+00:00","og_image":[{"url":"https:\/\/www.drfruehwein.de\/wp-content\/uploads\/2017\/02\/Fruehwein_Content_MFruehwein_clean.jpg","type":"","width":"","height":""}],"twitter_card":"summary_large_image","twitter_misc":{"Est. reading time":"4 minutes"},"schema":{"@context":"https:\/\/schema.org","@graph":[{"@type":"WebPage","@id":"https:\/\/www.drfruehwein.de\/en\/dr-med-markus-nikolaus-fruehwein\/","url":"https:\/\/www.drfruehwein.de\/en\/dr-med-markus-nikolaus-fruehwein\/","name":"Markus Nikolaus Fr\u00fchwein, MD: Tropical Medicine Specialist","isPartOf":{"@id":"https:\/\/www.drfruehwein.de\/#website"},"primaryImageOfPage":{"@id":"https:\/\/www.drfruehwein.de\/en\/dr-med-markus-nikolaus-fruehwein\/#primaryimage"},"image":{"@id":"https:\/\/www.drfruehwein.de\/en\/dr-med-markus-nikolaus-fruehwein\/#primaryimage"},"thumbnailUrl":"https:\/\/www.drfruehwein.de\/wp-content\/uploads\/2017\/02\/Fruehwein_Content_MFruehwein_clean.jpg","datePublished":"2022-09-02T12:38:35+00:00","dateModified":"2022-09-02T12:38:36+00:00","description":"DR. MED. FR\u00dcHWEIN - General Medicine: Tropical Medicine \u2713 Travel Medicine \u2713 Nutritional Medicine \u2713 Diving Medicine \u2713 Medical Public Relations \u2713","breadcrumb":{"@id":"https:\/\/www.drfruehwein.de\/en\/dr-med-markus-nikolaus-fruehwein\/#breadcrumb"},"inLanguage":"en-US","potentialAction":[{"@type":"ReadAction","target":["https:\/\/www.drfruehwein.de\/en\/dr-med-markus-nikolaus-fruehwein\/"]}]},{"@type":"ImageObject","inLanguage":"en-US","@id":"https:\/\/www.drfruehwein.de\/en\/dr-med-markus-nikolaus-fruehwein\/#primaryimage","url":"https:\/\/www.drfruehwein.de\/wp-content\/uploads\/2017\/02\/Fruehwein_Content_MFruehwein_clean.jpg","contentUrl":"https:\/\/www.drfruehwein.de\/wp-content\/uploads\/2017\/02\/Fruehwein_Content_MFruehwein_clean.jpg"},{"@type":"BreadcrumbList","@id":"https:\/\/www.drfruehwein.de\/en\/dr-med-markus-nikolaus-fruehwein\/#breadcrumb","itemListElement":[{"@type":"ListItem","position":1,"name":"Startseite","item":"https:\/\/www.drfruehwein.de\/en\/tropical-medicine-in-munich-travel-and-tropical-medicine-dr-fruehwein\/"},{"@type":"ListItem","position":2,"name":"Dr. med. Markus Nikolaus Fr\u00fchwein"}]},{"@type":"WebSite","@id":"https:\/\/www.drfruehwein.de\/#website","url":"https:\/\/www.drfruehwein.de\/","name":"Dr. Fr\u00fchwein","description":"","publisher":{"@id":"https:\/\/www.drfruehwein.de\/#organization"},"potentialAction":[{"@type":"SearchAction","target":{"@type":"EntryPoint","urlTemplate":"https:\/\/www.drfruehwein.de\/?s={search_term_string}"},"query-input":{"@type":"PropertyValueSpecification","valueRequired":true,"valueName":"search_term_string"}}],"inLanguage":"en-US"},{"@type":"Organization","@id":"https:\/\/www.drfruehwein.de\/#organization","name":"Dr. Fr\u00fchwein + Partner","url":"https:\/\/www.drfruehwein.de\/","logo":{"@type":"ImageObject","inLanguage":"en-US","@id":"https:\/\/www.drfruehwein.de\/#\/schema\/logo\/image\/","url":"https:\/\/www.drfruehwein.de\/wp-content\/uploads\/2019\/12\/logo.svg","contentUrl":"https:\/\/www.drfruehwein.de\/wp-content\/uploads\/2019\/12\/logo.svg","width":510,"height":58,"caption":"Dr. Fr\u00fchwein + Partner"},"image":{"@id":"https:\/\/www.drfruehwein.de\/#\/schema\/logo\/image\/"}}]}},"_links":{"self":[{"href":"https:\/\/www.drfruehwein.de\/en\/wp-json\/wp\/v2\/pages\/2723","targetHints":{"allow":["GET"]}}],"collection":[{"href":"https:\/\/www.drfruehwein.de\/en\/wp-json\/wp\/v2\/pages"}],"about":[{"href":"https:\/\/www.drfruehwein.de\/en\/wp-json\/wp\/v2\/types\/page"}],"author":[{"embeddable":true,"href":"https:\/\/www.drfruehwein.de\/en\/wp-json\/wp\/v2\/users\/1"}],"replies":[{"embeddable":true,"href":"https:\/\/www.drfruehwein.de\/en\/wp-json\/wp\/v2\/comments?post=2723"}],"version-history":[{"count":0,"href":"https:\/\/www.drfruehwein.de\/en\/wp-json\/wp\/v2\/pages\/2723\/revisions"}],"wp:attachment":[{"href":"https:\/\/www.drfruehwein.de\/en\/wp-json\/wp\/v2\/media?parent=2723"}],"curies":[{"name":"wp","href":"https:\/\/api.w.org\/{rel}","templated":true}]}}